{"id":286,"date":"2024-04-08T17:36:16","date_gmt":"2024-04-08T15:36:16","guid":{"rendered":"http:\/\/localhost:8888\/%20site-magnani\/?page_id=286"},"modified":"2024-04-10T16:57:04","modified_gmt":"2024-04-10T14:57:04","slug":"la-marque-nobis","status":"publish","type":"page","link":"https:\/\/magnani-energies.fr\/index.php\/la-marque-nobis\/","title":{"rendered":"La marque NOBIS"},"content":{"rendered":"\t\t<div data-elementor-type=\"wp-page\" data-elementor-id=\"286\" class=\"elementor elementor-286\" data-elementor-post-type=\"page\">\n\t\t\t\t<div class=\"elementor-element elementor-element-beb648f e-flex e-con-boxed e-con e-parent\" data-id=\"beb648f\" data-element_type=\"container\">\n\t\t\t\t\t<div class=\"e-con-inner\">\n\t\t\t\t<div class=\"elementor-element elementor-element-bc14072 elementor-widget-divider--view-line elementor-widget elementor-widget-divider\" data-id=\"bc14072\" data-element_type=\"widget\" data-widget_type=\"divider.default\">\n\t\t\t\t<div class=\"elementor-widget-container\">\n\t\t\t<style>\/*! elementor - v3.21.0 - 18-04-2024 *\/\n.elementor-widget-divider{--divider-border-style:none;--divider-border-width:1px;--divider-color:#0c0d0e;--divider-icon-size:20px;--divider-element-spacing:10px;--divider-pattern-height:24px;--divider-pattern-size:20px;--divider-pattern-url:none;--divider-pattern-repeat:repeat-x}.elementor-widget-divider .elementor-divider{display:flex}.elementor-widget-divider .elementor-divider__text{font-size:15px;line-height:1;max-width:95%}.elementor-widget-divider .elementor-divider__element{margin:0 var(--divider-element-spacing);flex-shrink:0}.elementor-widget-divider .elementor-icon{font-size:var(--divider-icon-size)}.elementor-widget-divider .elementor-divider-separator{display:flex;margin:0;direction:ltr}.elementor-widget-divider--view-line_icon .elementor-divider-separator,.elementor-widget-divider--view-line_text .elementor-divider-separator{align-items:center}.elementor-widget-divider--view-line_icon .elementor-divider-separator:after,.elementor-widget-divider--view-line_icon .elementor-divider-separator:before,.elementor-widget-divider--view-line_text .elementor-divider-separator:after,.elementor-widget-divider--view-line_text .elementor-divider-separator:before{display:block;content:\"\";border-block-end:0;flex-grow:1;border-block-start:var(--divider-border-width) var(--divider-border-style) var(--divider-color)}.elementor-widget-divider--element-align-left .elementor-divider .elementor-divider-separator>.elementor-divider__svg:first-of-type{flex-grow:0;flex-shrink:100}.elementor-widget-divider--element-align-left .elementor-divider-separator:before{content:none}.elementor-widget-divider--element-align-left .elementor-divider__element{margin-left:0}.elementor-widget-divider--element-align-right .elementor-divider .elementor-divider-separator>.elementor-divider__svg:last-of-type{flex-grow:0;flex-shrink:100}.elementor-widget-divider--element-align-right .elementor-divider-separator:after{content:none}.elementor-widget-divider--element-align-right .elementor-divider__element{margin-right:0}.elementor-widget-divider--element-align-start .elementor-divider .elementor-divider-separator>.elementor-divider__svg:first-of-type{flex-grow:0;flex-shrink:100}.elementor-widget-divider--element-align-start .elementor-divider-separator:before{content:none}.elementor-widget-divider--element-align-start .elementor-divider__element{margin-inline-start:0}.elementor-widget-divider--element-align-end .elementor-divider .elementor-divider-separator>.elementor-divider__svg:last-of-type{flex-grow:0;flex-shrink:100}.elementor-widget-divider--element-align-end .elementor-divider-separator:after{content:none}.elementor-widget-divider--element-align-end .elementor-divider__element{margin-inline-end:0}.elementor-widget-divider:not(.elementor-widget-divider--view-line_text):not(.elementor-widget-divider--view-line_icon) .elementor-divider-separator{border-block-start:var(--divider-border-width) var(--divider-border-style) var(--divider-color)}.elementor-widget-divider--separator-type-pattern{--divider-border-style:none}.elementor-widget-divider--separator-type-pattern.elementor-widget-divider--view-line .elementor-divider-separator,.elementor-widget-divider--separator-type-pattern:not(.elementor-widget-divider--view-line) .elementor-divider-separator:after,.elementor-widget-divider--separator-type-pattern:not(.elementor-widget-divider--view-line) .elementor-divider-separator:before,.elementor-widget-divider--separator-type-pattern:not([class*=elementor-widget-divider--view]) .elementor-divider-separator{width:100%;min-height:var(--divider-pattern-height);-webkit-mask-size:var(--divider-pattern-size) 100%;mask-size:var(--divider-pattern-size) 100%;-webkit-mask-repeat:var(--divider-pattern-repeat);mask-repeat:var(--divider-pattern-repeat);background-color:var(--divider-color);-webkit-mask-image:var(--divider-pattern-url);mask-image:var(--divider-pattern-url)}.elementor-widget-divider--no-spacing{--divider-pattern-size:auto}.elementor-widget-divider--bg-round{--divider-pattern-repeat:round}.rtl .elementor-widget-divider .elementor-divider__text{direction:rtl}.e-con-inner>.elementor-widget-divider,.e-con>.elementor-widget-divider{width:var(--container-widget-width,100%);--flex-grow:var(--container-widget-flex-grow)}<\/style>\t\t<div class=\"elementor-divider\">\n\t\t\t<span class=\"elementor-divider-separator\">\n\t\t\t\t\t\t<\/span>\n\t\t<\/div>\n\t\t\t\t<\/div>\n\t\t\t\t<\/div>\n\t\t\t\t\t<\/div>\n\t\t\t\t<\/div>\n\t\t<div class=\"elementor-element elementor-element-48ed62d e-flex e-con-boxed e-con e-parent\" data-id=\"48ed62d\" data-element_type=\"container\">\n\t\t\t\t\t<div class=\"e-con-inner\">\n\t\t<div class=\"elementor-element elementor-element-e8a3fcd e-con-full e-flex e-con e-child\" data-id=\"e8a3fcd\" data-element_type=\"container\">\n\t\t\t\t<div class=\"elementor-element elementor-element-1a230c3 elementor-widget elementor-widget-video\" data-id=\"1a230c3\" data-element_type=\"widget\" data-settings=\"{&quot;youtube_url&quot;:&quot;https:\\\/\\\/www.youtube.com\\\/watch?v=JOjYXxP-TQg&quot;,&quot;autoplay&quot;:&quot;yes&quot;,&quot;video_type&quot;:&quot;youtube&quot;,&quot;controls&quot;:&quot;yes&quot;}\" data-widget_type=\"video.default\">\n\t\t\t\t<div class=\"elementor-widget-container\">\n\t\t\t<style>\/*! elementor - v3.21.0 - 18-04-2024 *\/\n.elementor-widget-video .elementor-widget-container{overflow:hidden;transform:translateZ(0)}.elementor-widget-video .elementor-wrapper{aspect-ratio:var(--video-aspect-ratio)}.elementor-widget-video .elementor-wrapper iframe,.elementor-widget-video .elementor-wrapper video{height:100%;width:100%;display:flex;border:none;background-color:#000}@supports not (aspect-ratio:1\/1){.elementor-widget-video .elementor-wrapper{position:relative;overflow:hidden;height:0;padding-bottom:calc(100% \/ var(--video-aspect-ratio))}.elementor-widget-video .elementor-wrapper iframe,.elementor-widget-video .elementor-wrapper video{position:absolute;top:0;right:0;bottom:0;left:0}}.elementor-widget-video .elementor-open-inline .elementor-custom-embed-image-overlay{position:absolute;top:0;right:0;bottom:0;left:0;background-size:cover;background-position:50%}.elementor-widget-video .elementor-custom-embed-image-overlay{cursor:pointer;text-align:center}.elementor-widget-video .elementor-custom-embed-image-overlay:hover .elementor-custom-embed-play i{opacity:1}.elementor-widget-video .elementor-custom-embed-image-overlay img{display:block;width:100%;aspect-ratio:var(--video-aspect-ratio);-o-object-fit:cover;object-fit:cover;-o-object-position:center center;object-position:center center}@supports not (aspect-ratio:1\/1){.elementor-widget-video .elementor-custom-embed-image-overlay{position:relative;overflow:hidden;height:0;padding-bottom:calc(100% \/ var(--video-aspect-ratio))}.elementor-widget-video .elementor-custom-embed-image-overlay img{position:absolute;top:0;right:0;bottom:0;left:0}}.elementor-widget-video .e-hosted-video .elementor-video{-o-object-fit:cover;object-fit:cover}.e-con-inner>.elementor-widget-video,.e-con>.elementor-widget-video{width:var(--container-widget-width);--flex-grow:var(--container-widget-flex-grow)}<\/style>\t\t<div class=\"elementor-wrapper elementor-open-inline\">\n\t\t\t<div class=\"elementor-video\"><\/div>\t\t<\/div>\n\t\t\t\t<\/div>\n\t\t\t\t<\/div>\n\t\t\t\t<\/div>\n\t\t<div class=\"elementor-element elementor-element-9875d07 e-con-full e-flex e-con e-child\" data-id=\"9875d07\" data-element_type=\"container\">\n\t\t\t\t<div class=\"elementor-element elementor-element-996e4a5 elementor-widget elementor-widget-heading\" data-id=\"996e4a5\" data-element_type=\"widget\" data-widget_type=\"heading.default\">\n\t\t\t\t<div class=\"elementor-widget-container\">\n\t\t\t<style>\/*! elementor - v3.21.0 - 18-04-2024 *\/\n.elementor-heading-title{padding:0;margin:0;line-height:1}.elementor-widget-heading .elementor-heading-title[class*=elementor-size-]>a{color:inherit;font-size:inherit;line-height:inherit}.elementor-widget-heading .elementor-heading-title.elementor-size-small{font-size:15px}.elementor-widget-heading .elementor-heading-title.elementor-size-medium{font-size:19px}.elementor-widget-heading .elementor-heading-title.elementor-size-large{font-size:29px}.elementor-widget-heading .elementor-heading-title.elementor-size-xl{font-size:39px}.elementor-widget-heading .elementor-heading-title.elementor-size-xxl{font-size:59px}<\/style><h2 class=\"elementor-heading-title elementor-size-default\">Le po\u00eale \u00e0 granul\u00e9s le plus \u00e9volu\u00e9<\/h2>\t\t<\/div>\n\t\t\t\t<\/div>\n\t\t\t\t<div class=\"elementor-element elementor-element-1b2ba5c elementor-widget elementor-widget-text-editor\" data-id=\"1b2ba5c\" data-element_type=\"widget\" data-widget_type=\"text-editor.default\">\n\t\t\t\t<div class=\"elementor-widget-container\">\n\t\t\t<style>\/*! elementor - v3.21.0 - 18-04-2024 *\/\n.elementor-widget-text-editor.elementor-drop-cap-view-stacked .elementor-drop-cap{background-color:#69727d;color:#fff}.elementor-widget-text-editor.elementor-drop-cap-view-framed .elementor-drop-cap{color:#69727d;border:3px solid;background-color:transparent}.elementor-widget-text-editor:not(.elementor-drop-cap-view-default) .elementor-drop-cap{margin-top:8px}.elementor-widget-text-editor:not(.elementor-drop-cap-view-default) .elementor-drop-cap-letter{width:1em;height:1em}.elementor-widget-text-editor .elementor-drop-cap{float:left;text-align:center;line-height:1;font-size:50px}.elementor-widget-text-editor .elementor-drop-cap-letter{display:inline-block}<\/style>\t\t\t\t<p>Le nouveau brasier et le nouveau corps du po\u00eale ont permis d&rsquo;avoir une combustion unique en son genre. Un brasier toujours propre gr\u00e2ce au syst\u00e8me de nettoyage automatique, une flamme parfaite gr\u00e2ce \u00e0 la gestion des flux d&rsquo;air de combustion et une vision optimale de la flamme gr\u00e2ce au syst\u00e8me de nettoyage de la vitre, garantissent un entretien minimal.\u00a0<br \/><br \/>Le syst\u00e8me NCS permet l&rsquo;utilisation de la plupart des types de granul\u00e9s disponibles sur le march\u00e9. Il garantit un \u00e9talonnage automatique de la combustion.<br \/>Le syst\u00e8me NCS r\u00e9gule la combustion en fonction des diff\u00e9rentes conditions du conduit.\u00a0<br \/>Le syst\u00e8me NCS permet au client de nettoyer le po\u00eale une fois toutes les trois semaines en ne vidant que le tiroir \u00e0 cendres.<br \/>Le syst\u00e8me NCS permet au brasier de se nettoyer automatiquement. Il permet un nettoyage qui ne se repose pas sur la fr\u00e9quence comme la plupart des autres produits \u00e0 granul\u00e9s, mais uniquement lorsque le nettoyage est n\u00e9cessaire<br \/><br \/><\/p><p>\u00a0<\/p>\t\t\t\t\t\t<\/div>\n\t\t\t\t<\/div>\n\t\t\t\t<\/div>\n\t\t\t\t\t<\/div>\n\t\t\t\t<\/div>\n\t\t<div class=\"elementor-element elementor-element-8e5a3f5 e-flex e-con-boxed e-con e-parent\" data-id=\"8e5a3f5\" data-element_type=\"container\">\n\t\t\t\t\t<div class=\"e-con-inner\">\n\t\t\t\t<div class=\"elementor-element elementor-element-a625d55 elementor-widget-divider--view-line elementor-widget elementor-widget-divider\" data-id=\"a625d55\" data-element_type=\"widget\" data-widget_type=\"divider.default\">\n\t\t\t\t<div class=\"elementor-widget-container\">\n\t\t\t\t\t<div class=\"elementor-divider\">\n\t\t\t<span class=\"elementor-divider-separator\">\n\t\t\t\t\t\t<\/span>\n\t\t<\/div>\n\t\t\t\t<\/div>\n\t\t\t\t<\/div>\n\t\t\t\t\t<\/div>\n\t\t\t\t<\/div>\n\t\t<div class=\"elementor-element elementor-element-bfa7cb5 e-flex e-con-boxed e-con e-parent\" data-id=\"bfa7cb5\" data-element_type=\"container\">\n\t\t\t\t\t<div class=\"e-con-inner\">\n\t\t<div class=\"elementor-element elementor-element-b408cad e-con-full e-flex e-con e-child\" data-id=\"b408cad\" data-element_type=\"container\">\n\t\t\t\t<div class=\"elementor-element elementor-element-6360dfd elementor-widget elementor-widget-heading\" data-id=\"6360dfd\" data-element_type=\"widget\" data-widget_type=\"heading.default\">\n\t\t\t\t<div class=\"elementor-widget-container\">\n\t\t\t<h2 class=\"elementor-heading-title elementor-size-default\">Un nouveau feu, toujours propre<\/h2>\t\t<\/div>\n\t\t\t\t<\/div>\n\t\t\t\t<div class=\"elementor-element elementor-element-855bafa elementor-widget elementor-widget-text-editor\" data-id=\"855bafa\" data-element_type=\"widget\" data-widget_type=\"text-editor.default\">\n\t\t\t\t<div class=\"elementor-widget-container\">\n\t\t\t\t\t\t\t<p>Le syst\u00e8me de nettoyage automatique innovant de Nobis garantit un fonctionnement continu sans op\u00e9ration manuelle, pendant longtemps. Il n&rsquo;intervient pas \u00e0 des intervalles programm\u00e9s comme chez la plupart des syst\u00e8mes disponibles sur le march\u00e9, mais uniquement en cas de r\u00e9elle n\u00e9cessit\u00e9.<br \/>En seulement 15 minutes, le po\u00eale s&rsquo;\u00e9teint, se nettoie et se rallume automatiquement, \u00e9vitant ainsi le refroidissement des \u00e9changeurs.<br \/>&lsquo;Elemento&rsquo; surveille le fonctionnement et d\u00e9cide le meilleur moment pour effectuer le cycle de nettoyage.<\/p>\t\t\t\t\t\t<\/div>\n\t\t\t\t<\/div>\n\t\t\t\t<\/div>\n\t\t<div class=\"elementor-element elementor-element-c70e9f9 e-con-full e-flex e-con e-child\" data-id=\"c70e9f9\" data-element_type=\"container\">\n\t\t\t\t<div class=\"elementor-element elementor-element-6b9eac5 elementor-widget elementor-widget-video\" data-id=\"6b9eac5\" data-element_type=\"widget\" data-settings=\"{&quot;video_type&quot;:&quot;hosted&quot;,&quot;controls&quot;:&quot;yes&quot;}\" data-widget_type=\"video.default\">\n\t\t\t\t<div class=\"elementor-widget-container\">\n\t\t\t\t\t<div class=\"e-hosted-video elementor-wrapper elementor-open-inline\">\n\t\t\t\t\t<video class=\"elementor-video\" src=\"http:\/\/localhost:8888\/%20site-magnani\/wp-content\/uploads\/2024\/04\/BraciereAutopulente.mp4\" controls=\"\" preload=\"metadata\" controlsList=\"nodownload\"><\/video>\n\t\t\t\t<\/div>\n\t\t\t\t<\/div>\n\t\t\t\t<\/div>\n\t\t\t\t<\/div>\n\t\t\t\t\t<\/div>\n\t\t\t\t<\/div>\n\t\t<div class=\"elementor-element elementor-element-9a8af9e e-flex e-con-boxed e-con e-parent\" data-id=\"9a8af9e\" data-element_type=\"container\">\n\t\t\t\t\t<div class=\"e-con-inner\">\n\t\t\t\t<div class=\"elementor-element elementor-element-1117d5b elementor-widget-divider--view-line elementor-widget elementor-widget-divider\" data-id=\"1117d5b\" data-element_type=\"widget\" data-widget_type=\"divider.default\">\n\t\t\t\t<div class=\"elementor-widget-container\">\n\t\t\t\t\t<div class=\"elementor-divider\">\n\t\t\t<span class=\"elementor-divider-separator\">\n\t\t\t\t\t\t<\/span>\n\t\t<\/div>\n\t\t\t\t<\/div>\n\t\t\t\t<\/div>\n\t\t\t\t\t<\/div>\n\t\t\t\t<\/div>\n\t\t<div class=\"elementor-element elementor-element-3a63d2d e-flex e-con-boxed e-con e-parent\" data-id=\"3a63d2d\" data-element_type=\"container\">\n\t\t\t\t\t<div class=\"e-con-inner\">\n\t\t<div class=\"elementor-element elementor-element-9f5c796 e-con-full e-flex e-con e-child\" data-id=\"9f5c796\" data-element_type=\"container\">\n\t\t\t\t<div class=\"elementor-element elementor-element-1aa12bc elementor-widget elementor-widget-image\" data-id=\"1aa12bc\" data-element_type=\"widget\" data-widget_type=\"image.default\">\n\t\t\t\t<div class=\"elementor-widget-container\">\n\t\t\t<style>\/*! elementor - v3.21.0 - 18-04-2024 *\/\n.elementor-widget-image{text-align:center}.elementor-widget-image a{display:inline-block}.elementor-widget-image a img[src$=\".svg\"]{width:48px}.elementor-widget-image img{vertical-align:middle;display:inline-block}<\/style>\t\t\t\t\t\t\t\t\t\t<img fetchpriority=\"high\" decoding=\"async\" width=\"800\" height=\"555\" src=\"https:\/\/magnani-energies.fr\/wp-content\/uploads\/2024\/04\/Capture-decran-2024-04-10-a-16.26.01-1024x710.png\" class=\"attachment-large size-large wp-image-326\" alt=\"\" srcset=\"https:\/\/magnani-energies.fr\/wp-content\/uploads\/2024\/04\/Capture-decran-2024-04-10-a-16.26.01-1024x710.png 1024w, https:\/\/magnani-energies.fr\/wp-content\/uploads\/2024\/04\/Capture-decran-2024-04-10-a-16.26.01-300x208.png 300w, https:\/\/magnani-energies.fr\/wp-content\/uploads\/2024\/04\/Capture-decran-2024-04-10-a-16.26.01-768x532.png 768w, https:\/\/magnani-energies.fr\/wp-content\/uploads\/2024\/04\/Capture-decran-2024-04-10-a-16.26.01.png 1284w\" sizes=\"(max-width: 800px) 100vw, 800px\" \/>\t\t\t\t\t\t\t\t\t\t\t\t\t<\/div>\n\t\t\t\t<\/div>\n\t\t\t\t<\/div>\n\t\t<div class=\"elementor-element elementor-element-1bc10f7 e-con-full e-flex e-con e-child\" data-id=\"1bc10f7\" data-element_type=\"container\">\n\t\t\t\t<div class=\"elementor-element elementor-element-360ea2d elementor-widget elementor-widget-heading\" data-id=\"360ea2d\" data-element_type=\"widget\" data-widget_type=\"heading.default\">\n\t\t\t\t<div class=\"elementor-widget-container\">\n\t\t\t<h2 class=\"elementor-heading-title elementor-size-default\">Chaque po\u00eale, 100% test\u00e9<\/h2>\t\t<\/div>\n\t\t\t\t<\/div>\n\t\t\t\t<div class=\"elementor-element elementor-element-257bba0 elementor-widget elementor-widget-text-editor\" data-id=\"257bba0\" data-element_type=\"widget\" data-widget_type=\"text-editor.default\">\n\t\t\t\t<div class=\"elementor-widget-container\">\n\t\t\t\t\t\t\t<p>La qualit\u00e9 des produit Nobis est le r\u00e9sultats d&rsquo;un processus de contr\u00f4le qualit\u00e9 continu. De la conception au choix des mat\u00e9riaux et du montage au premier allumage, nos po\u00eales sont test\u00e9s dans les moindres d\u00e9tails, dans le respect des normes de construction du secteur.<br \/>La conception est enti\u00e8rement r\u00e9alis\u00e9e par le service technique de Nobis, une \u00e9quipe de professionnels avec plus de trente ans d&rsquo;exp\u00e9rience dans le secteur chauffage \u00e0 la biomasse, soutenue par des experts en design, toujours au courant des tendances dans le monde du mobilier fonctionnel.\u00a0<br \/>En ce qui concerne les contr\u00f4les relatifs \u00e0 la cha\u00eene de montage, chaque po\u00eale est contr\u00f4l\u00e9 d\u00e8s la phase de montage. Avant l&rsquo;exp\u00e9dition du po\u00eale, le logiciel est charg\u00e9 et test\u00e9, les param\u00e8tres sont entr\u00e9s dans la base de donn\u00e9es de l&rsquo;entreprise et le premier allumage de la flamme est effectu\u00e9 , d&rsquo;une dur\u00e9e minimale de 15 minutes.\u00a0<br \/>Cette proc\u00e9dure certifie le bon fonctionnement de chaque produit.\u00a0<\/p>\t\t\t\t\t\t<\/div>\n\t\t\t\t<\/div>\n\t\t\t\t<\/div>\n\t\t\t\t\t<\/div>\n\t\t\t\t<\/div>\n\t\t<div class=\"elementor-element elementor-element-12d82de e-flex e-con-boxed e-con e-parent\" data-id=\"12d82de\" data-element_type=\"container\">\n\t\t\t\t\t<div class=\"e-con-inner\">\n\t\t\t\t<div class=\"elementor-element elementor-element-f50bae4 elementor-widget-divider--view-line elementor-widget elementor-widget-divider\" data-id=\"f50bae4\" data-element_type=\"widget\" data-widget_type=\"divider.default\">\n\t\t\t\t<div class=\"elementor-widget-container\">\n\t\t\t\t\t<div class=\"elementor-divider\">\n\t\t\t<span class=\"elementor-divider-separator\">\n\t\t\t\t\t\t<\/span>\n\t\t<\/div>\n\t\t\t\t<\/div>\n\t\t\t\t<\/div>\n\t\t\t\t\t<\/div>\n\t\t\t\t<\/div>\n\t\t<div class=\"elementor-element elementor-element-559808e e-flex e-con-boxed e-con e-parent\" data-id=\"559808e\" data-element_type=\"container\">\n\t\t\t\t\t<div class=\"e-con-inner\">\n\t\t<div class=\"elementor-element elementor-element-a2b119e e-con-full e-flex e-con e-child\" data-id=\"a2b119e\" data-element_type=\"container\">\n\t\t\t\t<div class=\"elementor-element elementor-element-c73b484 elementor-widget__width-initial elementor-widget elementor-widget-image\" data-id=\"c73b484\" data-element_type=\"widget\" data-widget_type=\"image.default\">\n\t\t\t\t<div class=\"elementor-widget-container\">\n\t\t\t\t\t\t\t\t\t\t\t\t\t<img decoding=\"async\" width=\"492\" height=\"580\" src=\"https:\/\/magnani-energies.fr\/wp-content\/uploads\/2024\/04\/Capture-decran-2024-04-10-a-16.25.50.png\" class=\"attachment-large size-large wp-image-327\" alt=\"\" srcset=\"https:\/\/magnani-energies.fr\/wp-content\/uploads\/2024\/04\/Capture-decran-2024-04-10-a-16.25.50.png 492w, https:\/\/magnani-energies.fr\/wp-content\/uploads\/2024\/04\/Capture-decran-2024-04-10-a-16.25.50-254x300.png 254w\" sizes=\"(max-width: 492px) 100vw, 492px\" \/>\t\t\t\t\t\t\t\t\t\t\t\t\t<\/div>\n\t\t\t\t<\/div>\n\t\t\t\t<\/div>\n\t\t<div class=\"elementor-element elementor-element-ed57703 e-con-full e-flex e-con e-child\" data-id=\"ed57703\" data-element_type=\"container\">\n\t\t\t\t<div class=\"elementor-element elementor-element-6fa50ac elementor-widget elementor-widget-heading\" data-id=\"6fa50ac\" data-element_type=\"widget\" data-widget_type=\"heading.default\">\n\t\t\t\t<div class=\"elementor-widget-container\">\n\t\t\t<h2 class=\"elementor-heading-title elementor-size-default\">T\u00e9l\u00e9commande <\/h2>\t\t<\/div>\n\t\t\t\t<\/div>\n\t\t\t\t<div class=\"elementor-element elementor-element-cf624b6 elementor-widget elementor-widget-text-editor\" data-id=\"cf624b6\" data-element_type=\"widget\" data-widget_type=\"text-editor.default\">\n\t\t\t\t<div class=\"elementor-widget-container\">\n\t\t\t\t\t\t\t<p>L&rsquo;application Nobis-Fi vous permet d&rsquo;allumer, d&rsquo;\u00e9teindre et de r\u00e9gler la ventilation m\u00eame lorsque vous n&rsquo;\u00eates pas chez vous, gr\u00e2ce au r\u00e9seau wi-fi.<\/p>\t\t\t\t\t\t<\/div>\n\t\t\t\t<\/div>\n\t\t\t\t<\/div>\n\t\t\t\t\t<\/div>\n\t\t\t\t<\/div>\n\t\t<div class=\"elementor-element elementor-element-303caf0 e-flex e-con-boxed e-con e-parent\" data-id=\"303caf0\" data-element_type=\"container\">\n\t\t\t\t\t<div class=\"e-con-inner\">\n\t\t<div class=\"elementor-element elementor-element-e57c4a3 e-con-full e-flex e-con e-child\" data-id=\"e57c4a3\" data-element_type=\"container\">\n\t\t\t\t<div class=\"elementor-element elementor-element-79855c1 elementor-widget elementor-widget-text-editor\" data-id=\"79855c1\" data-element_type=\"widget\" data-widget_type=\"text-editor.default\">\n\t\t\t\t<div class=\"elementor-widget-container\">\n\t\t\t\t\t\t\t<p>T\u00e9l\u00e9commande tactile \u00e9quip\u00e9e de la fonction de thermostat d&rsquo;ambiance. Facile \u00e0 utiliser pour contr\u00f4ler facilement votre po\u00eale. Tout \u00e0 port\u00e9e de main<\/p>\t\t\t\t\t\t<\/div>\n\t\t\t\t<\/div>\n\t\t\t\t<\/div>\n\t\t<div class=\"elementor-element elementor-element-50913d0 e-con-full e-flex e-con e-child\" data-id=\"50913d0\" data-element_type=\"container\">\n\t\t\t\t<div class=\"elementor-element elementor-element-e9a1b26 elementor-widget__width-initial elementor-widget elementor-widget-image\" data-id=\"e9a1b26\" data-element_type=\"widget\" data-widget_type=\"image.default\">\n\t\t\t\t<div class=\"elementor-widget-container\">\n\t\t\t\t\t\t\t\t\t\t\t\t\t<img decoding=\"async\" width=\"506\" height=\"648\" src=\"https:\/\/magnani-energies.fr\/wp-content\/uploads\/2024\/04\/Capture-decran-2024-04-10-a-16.47.53.png\" class=\"attachment-large size-large wp-image-329\" alt=\"\" srcset=\"https:\/\/magnani-energies.fr\/wp-content\/uploads\/2024\/04\/Capture-decran-2024-04-10-a-16.47.53.png 506w, https:\/\/magnani-energies.fr\/wp-content\/uploads\/2024\/04\/Capture-decran-2024-04-10-a-16.47.53-234x300.png 234w\" sizes=\"(max-width: 506px) 100vw, 506px\" \/>\t\t\t\t\t\t\t\t\t\t\t\t\t<\/div>\n\t\t\t\t<\/div>\n\t\t\t\t<\/div>\n\t\t\t\t\t<\/div>\n\t\t\t\t<\/div>\n\t\t<div class=\"elementor-element elementor-element-1be00f4 e-flex e-con-boxed e-con e-parent\" data-id=\"1be00f4\" data-element_type=\"container\">\n\t\t\t\t\t<div class=\"e-con-inner\">\n\t\t\t\t<div class=\"elementor-element elementor-element-5cf8c50 elementor-align-center elementor-widget elementor-widget-button\" data-id=\"5cf8c50\" data-element_type=\"widget\" data-widget_type=\"button.default\">\n\t\t\t\t<div class=\"elementor-widget-container\">\n\t\t\t\t\t<div class=\"elementor-button-wrapper\">\n\t\t\t<a class=\"elementor-button elementor-button-link elementor-size-sm\" href=\"https:\/\/www.nobisfire.it\/fr\/innovations\/#nbt\">\n\t\t\t\t\t\t<span class=\"elementor-button-content-wrapper\">\n\t\t\t\t\t\t\t\t\t<span class=\"elementor-button-text\">En savoir plus sur la marque Nobis<\/span>\n\t\t\t\t\t<\/span>\n\t\t\t\t\t<\/a>\n\t\t<\/div>\n\t\t\t\t<\/div>\n\t\t\t\t<\/div>\n\t\t\t\t\t<\/div>\n\t\t\t\t<\/div>\n\t\t\t\t<\/div>\n\t\t","protected":false},"excerpt":{"rendered":"<p>Le po\u00eale \u00e0 granul\u00e9s le plus \u00e9volu\u00e9 Le nouveau brasier et le nouveau corps du po\u00eale ont permis d&rsquo;avoir une combustion unique en son genre. Un brasier toujours propre gr\u00e2ce au syst\u00e8me de nettoyage automatique, une flamme parfaite gr\u00e2ce \u00e0 la gestion des flux d&rsquo;air de combustion et une vision optimale de la flamme gr\u00e2ce [&hellip;]<\/p>\n","protected":false},"author":1,"featured_media":0,"parent":0,"menu_order":0,"comment_status":"closed","ping_status":"closed","template":"","meta":{"footnotes":""},"class_list":["post-286","page","type-page","status-publish","hentry"],"_links":{"self":[{"href":"https:\/\/magnani-energies.fr\/index.php\/wp-json\/wp\/v2\/pages\/286","targetHints":{"allow":["GET"]}}],"collection":[{"href":"https:\/\/magnani-energies.fr\/index.php\/wp-json\/wp\/v2\/pages"}],"about":[{"href":"https:\/\/magnani-energies.fr\/index.php\/wp-json\/wp\/v2\/types\/page"}],"author":[{"embeddable":true,"href":"https:\/\/magnani-energies.fr\/index.php\/wp-json\/wp\/v2\/users\/1"}],"replies":[{"embeddable":true,"href":"https:\/\/magnani-energies.fr\/index.php\/wp-json\/wp\/v2\/comments?post=286"}],"version-history":[{"count":16,"href":"https:\/\/magnani-energies.fr\/index.php\/wp-json\/wp\/v2\/pages\/286\/revisions"}],"predecessor-version":[{"id":335,"href":"https:\/\/magnani-energies.fr\/index.php\/wp-json\/wp\/v2\/pages\/286\/revisions\/335"}],"wp:attachment":[{"href":"https:\/\/magnani-energies.fr\/index.php\/wp-json\/wp\/v2\/media?parent=286"}],"curies":[{"name":"wp","href":"https:\/\/api.w.org\/{rel}","templated":true}]}}